{"id":397,"date":"2021-07-26T07:42:41","date_gmt":"2021-07-26T07:42:41","guid":{"rendered":"https:\/\/lordesigns.com\/index.php\/about\/"},"modified":"2022-06-03T21:24:26","modified_gmt":"2022-06-03T21:24:26","slug":"about","status":"publish","type":"page","link":"https:\/\/lordesigns.com\/index.php\/about\/","title":{"rendered":"About"},"content":{"rendered":"\t\t<div data-elementor-type=\"wp-page\" data-elementor-id=\"397\" class=\"elementor elementor-397\">\n\t\t\t\t\t\t<section class=\"elementor-section elementor-top-section elementor-element elementor-element-ba38b0c elementor-section-boxed elementor-section-height-default elementor-section-height-default\" data-id=\"ba38b0c\" data-element_type=\"section\">\n\t\t\t\t\t\t<div class=\"elementor-container elementor-column-gap-no\">\n\t\t\t\t\t<div class=\"elementor-column elementor-col-100 elementor-top-column elementor-element elementor-element-3e1967f\" data-id=\"3e1967f\" data-element_type=\"column\">\n\t\t\t<div class=\"elementor-widget-wrap elementor-element-populated\">\n\t\t\t\t\t\t<div class=\"elementor-element elementor-element-281a995 elementor-widget elementor-widget-heading\" data-id=\"281a995\" data-element_type=\"widget\" data-widget_type=\"heading.default\">\n\t\t\t\t<div class=\"elementor-widget-container\">\n\t\t\t\t\t<h1 class=\"elementor-heading-title elementor-size-default\">About us<\/h1>\t\t\t\t<\/div>\n\t\t\t\t<\/div>\n\t\t\t\t<section class=\"elementor-section elementor-inner-section elementor-element elementor-element-cff6f7e elementor-section-boxed elementor-section-height-default elementor-section-height-default\" data-id=\"cff6f7e\" data-element_type=\"section\">\n\t\t\t\t\t\t<div class=\"elementor-container elementor-column-gap-no\">\n\t\t\t\t\t<div class=\"elementor-column elementor-col-50 elementor-inner-column elementor-element elementor-element-17bc25d\" data-id=\"17bc25d\" data-element_type=\"column\" data-settings=\"{&quot;background_background&quot;:&quot;classic&quot;}\">\n\t\t\t<div class=\"elementor-widget-wrap elementor-element-populated\">\n\t\t\t\t\t\t<div class=\"elementor-element elementor-element-009b968 elementor-position-top elementor-widget elementor-widget-image-box\" data-id=\"009b968\" data-element_type=\"widget\" data-widget_type=\"image-box.default\">\n\t\t\t\t<div class=\"elementor-widget-container\">\n\t\t\t\t\t<div class=\"elementor-image-box-wrapper\"><figure class=\"elementor-image-box-img\"><img fetchpriority=\"high\" decoding=\"async\" width=\"1242\" height=\"1085\" src=\"https:\/\/lordesigns.com\/wp-content\/uploads\/2022\/06\/lorelor1-1.png\" class=\"attachment-full size-full wp-image-1429\" alt=\"\" srcset=\"https:\/\/lordesigns.com\/wp-content\/uploads\/2022\/06\/lorelor1-1.png 1242w, https:\/\/lordesigns.com\/wp-content\/uploads\/2022\/06\/lorelor1-1-300x262.png 300w, https:\/\/lordesigns.com\/wp-content\/uploads\/2022\/06\/lorelor1-1-1024x895.png 1024w, https:\/\/lordesigns.com\/wp-content\/uploads\/2022\/06\/lorelor1-1-768x671.png 768w, https:\/\/lordesigns.com\/wp-content\/uploads\/2022\/06\/lorelor1-1-600x524.png 600w\" sizes=\"(max-width: 1242px) 100vw, 1242px\" \/><\/figure><div class=\"elementor-image-box-content\"><h4 class=\"elementor-image-box-title\">Lorena Coronado<\/h4><p class=\"elementor-image-box-description\">Fashion &amp; Jewelry Designer<br>Lic. en Dise\u00f1o y Gesti\u00f3n de la Moda<\/p><\/div><\/div>\t\t\t\t<\/div>\n\t\t\t\t<\/div>\n\t\t\t\t<div class=\"elementor-element elementor-element-da045b6 e-grid-align-left elementor-shape-rounded elementor-grid-0 elementor-widget elementor-widget-social-icons\" data-id=\"da045b6\" data-element_type=\"widget\" data-widget_type=\"social-icons.default\">\n\t\t\t\t<div class=\"elementor-widget-container\">\n\t\t\t\t\t\t\t<div class=\"elementor-social-icons-wrapper elementor-grid\">\n\t\t\t\t\t\t\t<span class=\"elementor-grid-item\">\n\t\t\t\t\t<a class=\"elementor-icon elementor-social-icon elementor-social-icon-instagram elementor-repeater-item-10f7643\" href=\"https:\/\/www.instagram.com\/lorenacoronadok\/\" target=\"_blank\" rel=\"noopener\">\n\t\t\t\t\t\t<span class=\"elementor-screen-only\">Instagram<\/span>\n\t\t\t\t\t\t<i class=\"fab fa-instagram\"><\/i>\t\t\t\t\t<\/a>\n\t\t\t\t<\/span>\n\t\t\t\t\t<\/div>\n\t\t\t\t\t\t<\/div>\n\t\t\t\t<\/div>\n\t\t\t\t<div class=\"elementor-element elementor-element-56da6da elementor-widget elementor-widget-image\" data-id=\"56da6da\" data-element_type=\"widget\" data-widget_type=\"image.default\">\n\t\t\t\t<div class=\"elementor-widget-container\">\n\t\t\t\t\t\t\t\t\t\t\t\t\t\t\t<img decoding=\"async\" width=\"1024\" height=\"789\" src=\"https:\/\/lordesigns.com\/wp-content\/uploads\/2022\/06\/WhatsApp-Image-2022-06-03-at-2.06.19-PM-1024x789.jpeg\" class=\"attachment-large size-large wp-image-1430\" alt=\"\" srcset=\"https:\/\/lordesigns.com\/wp-content\/uploads\/2022\/06\/WhatsApp-Image-2022-06-03-at-2.06.19-PM-1024x789.jpeg 1024w, https:\/\/lordesigns.com\/wp-content\/uploads\/2022\/06\/WhatsApp-Image-2022-06-03-at-2.06.19-PM-300x231.jpeg 300w, https:\/\/lordesigns.com\/wp-content\/uploads\/2022\/06\/WhatsApp-Image-2022-06-03-at-2.06.19-PM-768x592.jpeg 768w, https:\/\/lordesigns.com\/wp-content\/uploads\/2022\/06\/WhatsApp-Image-2022-06-03-at-2.06.19-PM-600x462.jpeg 600w, https:\/\/lordesigns.com\/wp-content\/uploads\/2022\/06\/WhatsApp-Image-2022-06-03-at-2.06.19-PM.jpeg 1242w\" sizes=\"(max-width: 1024px) 100vw, 1024px\" \/>\t\t\t\t\t\t\t\t\t\t\t\t\t\t\t<\/div>\n\t\t\t\t<\/div>\n\t\t\t\t\t<\/div>\n\t\t<\/div>\n\t\t\t\t<div class=\"elementor-column elementor-col-50 elementor-inner-column elementor-element elementor-element-28b28de\" data-id=\"28b28de\" data-element_type=\"column\">\n\t\t\t<div class=\"elementor-widget-wrap elementor-element-populated\">\n\t\t\t\t\t\t<div class=\"elementor-element elementor-element-2a6fb3a elementor-widget elementor-widget-text-editor\" data-id=\"2a6fb3a\" data-element_type=\"widget\" data-widget_type=\"text-editor.default\">\n\t\t\t\t<div class=\"elementor-widget-container\">\n\t\t\t\t\t\t\t\t\t<p>Lor designs es una marca mexicana enfocada en joyer\u00eda. Su fundadora y dise\u00f1adora es Lorena Coronado, amante de la moda. Ella encabeza todos los procesos que hacen esta marca.<\/p><p>Lor tiene como misi\u00f3n dise\u00f1ar, crear y seleccionar joyer\u00eda en tendencia, a su vez dar la asesor\u00eda m\u00e1s personalizada a sus clientes y clientas, ayud\u00e1ndolas a elegir el complemento ideal para cualquier ocasi\u00f3n, todo esto tomando en cuenta su tipo de rostro, silueta, colorimetr\u00eda, y estilo \u00fanico.<\/p><p>Lor toma todo en cuenta para lograr la combinaci\u00f3n perfecta y complementar tu outfit.<\/p>\t\t\t\t\t\t\t\t<\/div>\n\t\t\t\t<\/div>\n\t\t\t\t<div class=\"elementor-element elementor-element-19e16b7 elementor-widget__width-initial elementor-widget elementor-widget-text-editor\" data-id=\"19e16b7\" data-element_type=\"widget\" data-widget_type=\"text-editor.default\">\n\t\t\t\t<div class=\"elementor-widget-container\">\n\t\t\t\t\t\t\t\t\t<p><b>&#8220;Always choose to take care of your own image and unique style. Personality isn\u00b4t the first thing people see.&#8221;<\/b><\/p>\t\t\t\t\t\t\t\t<\/div>\n\t\t\t\t<\/div>\n\t\t\t\t\t<\/div>\n\t\t<\/div>\n\t\t\t\t\t<\/div>\n\t\t<\/section>\n\t\t\t\t<section class=\"elementor-section elementor-inner-section elementor-element elementor-element-7175c7e elementor-section-boxed elementor-section-height-default elementor-section-height-default\" data-id=\"7175c7e\" data-element_type=\"section\">\n\t\t\t\t\t\t<div class=\"elementor-container elementor-column-gap-no\">\n\t\t\t\t\t<div class=\"elementor-column elementor-col-100 elementor-inner-column elementor-element elementor-element-02b32a3\" data-id=\"02b32a3\" data-element_type=\"column\">\n\t\t\t<div class=\"elementor-widget-wrap\">\n\t\t\t\t\t\t\t<\/div>\n\t\t<\/div>\n\t\t\t\t\t<\/div>\n\t\t<\/section>\n\t\t\t\t\t<\/div>\n\t\t<\/div>\n\t\t\t\t\t<\/div>\n\t\t<\/section>\n\t\t\t\t<\/div>\n\t\t","protected":false},"excerpt":{"rendered":"<p>About us Lorena Coronado Fashion &amp; Jewelry DesignerLic. en Dise\u00f1o y Gesti\u00f3n de la Moda Instagram Lor designs es una marca mexicana enfocada en joyer\u00eda. Su fundadora y dise\u00f1adora es Lorena Coronado, amante de la moda. Ella encabeza todos los procesos que hacen esta marca. Lor tiene como misi\u00f3n dise\u00f1ar, crear y seleccionar joyer\u00eda en [&hellip;]<\/p>\n","protected":false},"author":1,"featured_media":0,"parent":0,"menu_order":0,"comment_status":"closed","ping_status":"closed","template":"","meta":{"site-sidebar-layout":"no-sidebar","site-content-layout":"page-builder","ast-site-content-layout":"","site-content-style":"default","site-sidebar-style":"default","ast-global-header-display":"","ast-banner-title-visibility":"","ast-main-header-display":"","ast-hfb-above-header-display":"","ast-hfb-below-header-display":"","ast-hfb-mobile-header-display":"","site-post-title":"disabled","ast-breadcrumbs-content":"disabled","ast-featured-img":"disabled","footer-sml-layout":"","theme-transparent-header-meta":"default","adv-header-id-meta":"","stick-header-meta":"","header-above-stick-meta":"","header-main-stick-meta":"","header-below-stick-meta":"","astra-migrate-meta-layouts":"default","ast-page-background-enabled":"default","ast-page-background-meta":{"desktop":{"background-color":"","background-image":"","background-repeat":"repeat","background-position":"center center","background-size":"auto","background-attachment":"scroll","background-type":"","background-media":"","overlay-type":"","overlay-color":"","overlay-opacity":"","overlay-gradient":""},"tablet":{"background-color":"","background-image":"","background-repeat":"repeat","background-position":"center center","background-size":"auto","background-attachment":"scroll","background-type":"","background-media":"","overlay-type":"","overlay-color":"","overlay-opacity":"","overlay-gradient":""},"mobile":{"background-color":"","background-image":"","background-repeat":"repeat","background-position":"center center","background-size":"auto","background-attachment":"scroll","background-type":"","background-media":"","overlay-type":"","overlay-color":"","overlay-opacity":"","overlay-gradient":""}},"ast-content-background-meta":{"desktop":{"background-color":"var(--ast-global-color-5)","background-image":"","background-repeat":"repeat","background-position":"center center","background-size":"auto","background-attachment":"scroll","background-type":"","background-media":"","overlay-type":"","overlay-color":"","overlay-opacity":"","overlay-gradient":""},"tablet":{"background-color":"var(--ast-global-color-5)","background-image":"","background-repeat":"repeat","background-position":"center center","background-size":"auto","background-attachment":"scroll","background-type":"","background-media":"","overlay-type":"","overlay-color":"","overlay-opacity":"","overlay-gradient":""},"mobile":{"background-color":"var(--ast-global-color-5)","background-image":"","background-repeat":"repeat","background-position":"center center","background-size":"auto","background-attachment":"scroll","background-type":"","background-media":"","overlay-type":"","overlay-color":"","overlay-opacity":"","overlay-gradient":""}},"footnotes":""},"class_list":["post-397","page","type-page","status-publish","hentry"],"_links":{"self":[{"href":"https:\/\/lordesigns.com\/index.php\/wp-json\/wp\/v2\/pages\/397","targetHints":{"allow":["GET"]}}],"collection":[{"href":"https:\/\/lordesigns.com\/index.php\/wp-json\/wp\/v2\/pages"}],"about":[{"href":"https:\/\/lordesigns.com\/index.php\/wp-json\/wp\/v2\/types\/page"}],"author":[{"embeddable":true,"href":"https:\/\/lordesigns.com\/index.php\/wp-json\/wp\/v2\/users\/1"}],"replies":[{"embeddable":true,"href":"https:\/\/lordesigns.com\/index.php\/wp-json\/wp\/v2\/comments?post=397"}],"version-history":[{"count":34,"href":"https:\/\/lordesigns.com\/index.php\/wp-json\/wp\/v2\/pages\/397\/revisions"}],"predecessor-version":[{"id":1453,"href":"https:\/\/lordesigns.com\/index.php\/wp-json\/wp\/v2\/pages\/397\/revisions\/1453"}],"wp:attachment":[{"href":"https:\/\/lordesigns.com\/index.php\/wp-json\/wp\/v2\/media?parent=397"}],"curies":[{"name":"wp","href":"https:\/\/api.w.org\/{rel}","templated":true}]}}